{"id":8935,"date":"2021-08-11T22:29:17","date_gmt":"2021-08-11T19:29:17","guid":{"rendered":"https:\/\/pizzeriarosief.fi\/?post_type=product&#038;p=8935"},"modified":"2025-01-19T01:48:55","modified_gmt":"2025-01-18T23:48:55","slug":"falafel-riisilla","status":"publish","type":"product","link":"https:\/\/pizzeriarosief.fi\/?product=falafel-riisilla","title":{"rendered":"Falafel Riisill\u00e4"},"content":{"rendered":"<p>Annoksiin kuuluu j\u00e4\u00e4vuorisalaatti, tomaatti, jalapeno, kurkku, salaatinkastike ja valitsemasi kastike.<\/p>\n","protected":false},"excerpt":{"rendered":"<p>Annoksiin kuuluu j\u00e4\u00e4vuorisalaatti, tomaatti, jalapeno, kurkku, salaatinkastike ja valitsemasi kastike.<\/p>\n","protected":false},"featured_media":13723,"template":"","meta":[],"product_brand":[],"product_cat":[59],"product_tag":[],"class_list":{"0":"post-8935","1":"product","2":"type-product","3":"status-publish","4":"has-post-thumbnail","6":"product_cat-falafel-annokset","8":"first","9":"instock","10":"taxable","11":"shipping-taxable","12":"purchasable","13":"product-type-simple"},"_links":{"self":[{"href":"https:\/\/pizzeriarosief.fi\/index.php?rest_route=\/wp\/v2\/product\/8935","targetHints":{"allow":["GET"]}}],"collection":[{"href":"https:\/\/pizzeriarosief.fi\/index.php?rest_route=\/wp\/v2\/product"}],"about":[{"href":"https:\/\/pizzeriarosief.fi\/index.php?rest_route=\/wp\/v2\/types\/product"}],"wp:featuredmedia":[{"embeddable":true,"href":"https:\/\/pizzeriarosief.fi\/index.php?rest_route=\/wp\/v2\/media\/13723"}],"wp:attachment":[{"href":"https:\/\/pizzeriarosief.fi\/index.php?rest_route=%2Fwp%2Fv2%2Fmedia&parent=8935"}],"wp:term":[{"taxonomy":"product_brand","embeddable":true,"href":"https:\/\/pizzeriarosief.fi\/index.php?rest_route=%2Fwp%2Fv2%2Fproduct_brand&post=8935"},{"taxonomy":"product_cat","embeddable":true,"href":"https:\/\/pizzeriarosief.fi\/index.php?rest_route=%2Fwp%2Fv2%2Fproduct_cat&post=8935"},{"taxonomy":"product_tag","embeddable":true,"href":"https:\/\/pizzeriarosief.fi\/index.php?rest_route=%2Fwp%2Fv2%2Fproduct_tag&post=8935"}],"curies":[{"name":"wp","href":"https:\/\/api.w.org\/{rel}","templated":true}]}}