{"id":8933,"date":"2021-08-11T22:19:16","date_gmt":"2021-08-11T19:19:16","guid":{"rendered":"https:\/\/pizzeriarosief.fi\/?post_type=product&#038;p=8933"},"modified":"2024-12-12T02:29:09","modified_gmt":"2024-12-12T00:29:09","slug":"iskender-kebab","status":"publish","type":"product","link":"https:\/\/pizzeriarosief.fi\/?product=iskender-kebab","title":{"rendered":"Iskender Kebab"},"content":{"rendered":"<div class=\"listingDescription\">Jogurtti, Kebab-liha, Salaatti, Leip\u00e4kuutiot. Annoksiin kuuluu j\u00e4\u00e4vuorisalaatti ja valitsemasi kastike<\/div>\n","protected":false},"excerpt":{"rendered":"<div class=\"listingDescription\">Jogurtti, Kebab-liha, Salaatti, Leip\u00e4kuutiot. Annoksiin kuuluu j\u00e4\u00e4vuorisalaatti ja valitsemasi kastike<\/div>\n","protected":false},"featured_media":13708,"template":"","meta":[],"product_brand":[],"product_cat":[73],"product_tag":[],"class_list":{"0":"post-8933","1":"product","2":"type-product","3":"status-publish","4":"has-post-thumbnail","6":"product_cat-kebabit","8":"first","9":"instock","10":"taxable","11":"shipping-taxable","12":"purchasable","13":"product-type-simple"},"_links":{"self":[{"href":"https:\/\/pizzeriarosief.fi\/index.php?rest_route=\/wp\/v2\/product\/8933","targetHints":{"allow":["GET"]}}],"collection":[{"href":"https:\/\/pizzeriarosief.fi\/index.php?rest_route=\/wp\/v2\/product"}],"about":[{"href":"https:\/\/pizzeriarosief.fi\/index.php?rest_route=\/wp\/v2\/types\/product"}],"wp:featuredmedia":[{"embeddable":true,"href":"https:\/\/pizzeriarosief.fi\/index.php?rest_route=\/wp\/v2\/media\/13708"}],"wp:attachment":[{"href":"https:\/\/pizzeriarosief.fi\/index.php?rest_route=%2Fwp%2Fv2%2Fmedia&parent=8933"}],"wp:term":[{"taxonomy":"product_brand","embeddable":true,"href":"https:\/\/pizzeriarosief.fi\/index.php?rest_route=%2Fwp%2Fv2%2Fproduct_brand&post=8933"},{"taxonomy":"product_cat","embeddable":true,"href":"https:\/\/pizzeriarosief.fi\/index.php?rest_route=%2Fwp%2Fv2%2Fproduct_cat&post=8933"},{"taxonomy":"product_tag","embeddable":true,"href":"https:\/\/pizzeriarosief.fi\/index.php?rest_route=%2Fwp%2Fv2%2Fproduct_tag&post=8933"}],"curies":[{"name":"wp","href":"https:\/\/api.w.org\/{rel}","templated":true}]}}