{"id":12166,"date":"2023-08-25T13:37:32","date_gmt":"2023-08-25T10:37:32","guid":{"rendered":"https:\/\/pizzeriarosief.fi\/?post_type=product&#038;p=12166"},"modified":"2024-12-12T02:16:22","modified_gmt":"2024-12-12T00:16:22","slug":"jatti-mens-kebab-valkosipuliperunoilla","status":"publish","type":"product","link":"https:\/\/pizzeriarosief.fi\/?product=jatti-mens-kebab-valkosipuliperunoilla","title":{"rendered":"J\u00e4tti Men&#8217;s Kebab Valkosipuliperunoilla"},"content":{"rendered":"<p>Tupla Kebab, kanad\u00f6ner. Annoksiin kuuluu j\u00e4\u00e4vuorisalaatti ja valitsemasi kastike<\/p>\n","protected":false},"excerpt":{"rendered":"<p>Tupla Kebab, kanad\u00f6ner. Annoksiin kuuluu j\u00e4\u00e4vuorisalaatti ja valitsemasi kastike<\/p>\n","protected":false},"featured_media":8925,"template":"","meta":[],"product_brand":[],"product_cat":[73],"product_tag":[],"class_list":{"0":"post-12166","1":"product","2":"type-product","3":"status-publish","4":"has-post-thumbnail","6":"product_cat-kebabit","8":"first","9":"instock","10":"taxable","11":"shipping-taxable","12":"purchasable","13":"product-type-simple"},"_links":{"self":[{"href":"https:\/\/pizzeriarosief.fi\/index.php?rest_route=\/wp\/v2\/product\/12166","targetHints":{"allow":["GET"]}}],"collection":[{"href":"https:\/\/pizzeriarosief.fi\/index.php?rest_route=\/wp\/v2\/product"}],"about":[{"href":"https:\/\/pizzeriarosief.fi\/index.php?rest_route=\/wp\/v2\/types\/product"}],"wp:featuredmedia":[{"embeddable":true,"href":"https:\/\/pizzeriarosief.fi\/index.php?rest_route=\/wp\/v2\/media\/8925"}],"wp:attachment":[{"href":"https:\/\/pizzeriarosief.fi\/index.php?rest_route=%2Fwp%2Fv2%2Fmedia&parent=12166"}],"wp:term":[{"taxonomy":"product_brand","embeddable":true,"href":"https:\/\/pizzeriarosief.fi\/index.php?rest_route=%2Fwp%2Fv2%2Fproduct_brand&post=12166"},{"taxonomy":"product_cat","embeddable":true,"href":"https:\/\/pizzeriarosief.fi\/index.php?rest_route=%2Fwp%2Fv2%2Fproduct_cat&post=12166"},{"taxonomy":"product_tag","embeddable":true,"href":"https:\/\/pizzeriarosief.fi\/index.php?rest_route=%2Fwp%2Fv2%2Fproduct_tag&post=12166"}],"curies":[{"name":"wp","href":"https:\/\/api.w.org\/{rel}","templated":true}]}}