{"id":11684,"date":"2023-04-06T15:53:10","date_gmt":"2023-04-06T12:53:10","guid":{"rendered":"https:\/\/pizzeriarosief.fi\/?post_type=product&#038;p=11684"},"modified":"2025-01-19T01:22:01","modified_gmt":"2025-01-18T23:22:01","slug":"mens-kebab","status":"publish","type":"product","link":"https:\/\/pizzeriarosief.fi\/?product=mens-kebab","title":{"rendered":"Men&#8217;s Kebab"},"content":{"rendered":"<p>Kebab, kanad\u00f6ner<\/p>\n<p>Annoksiin kuuluu j\u00e4\u00e4vuorisalaatti ja valitsemasi kastike<\/p>\n","protected":false},"excerpt":{"rendered":"<p>Tuhtiin N\u00e4lk\u00e4\u00e4n : Kebab, kanad\u00f6ner<\/p>\n<p>Annoksiin kuuluu j\u00e4\u00e4vuorisalaatti ja valitsemasi kastike<\/p>\n","protected":false},"featured_media":8925,"template":"","meta":[],"product_brand":[],"product_cat":[73],"product_tag":[],"class_list":{"0":"post-11684","1":"product","2":"type-product","3":"status-publish","4":"has-post-thumbnail","6":"product_cat-kebabit","8":"first","9":"instock","10":"taxable","11":"shipping-taxable","12":"purchasable","13":"product-type-simple"},"_links":{"self":[{"href":"https:\/\/pizzeriarosief.fi\/index.php?rest_route=\/wp\/v2\/product\/11684","targetHints":{"allow":["GET"]}}],"collection":[{"href":"https:\/\/pizzeriarosief.fi\/index.php?rest_route=\/wp\/v2\/product"}],"about":[{"href":"https:\/\/pizzeriarosief.fi\/index.php?rest_route=\/wp\/v2\/types\/product"}],"wp:featuredmedia":[{"embeddable":true,"href":"https:\/\/pizzeriarosief.fi\/index.php?rest_route=\/wp\/v2\/media\/8925"}],"wp:attachment":[{"href":"https:\/\/pizzeriarosief.fi\/index.php?rest_route=%2Fwp%2Fv2%2Fmedia&parent=11684"}],"wp:term":[{"taxonomy":"product_brand","embeddable":true,"href":"https:\/\/pizzeriarosief.fi\/index.php?rest_route=%2Fwp%2Fv2%2Fproduct_brand&post=11684"},{"taxonomy":"product_cat","embeddable":true,"href":"https:\/\/pizzeriarosief.fi\/index.php?rest_route=%2Fwp%2Fv2%2Fproduct_cat&post=11684"},{"taxonomy":"product_tag","embeddable":true,"href":"https:\/\/pizzeriarosief.fi\/index.php?rest_route=%2Fwp%2Fv2%2Fproduct_tag&post=11684"}],"curies":[{"name":"wp","href":"https:\/\/api.w.org\/{rel}","templated":true}]}}